{"id":1377,"date":"2025-11-09T05:22:05","date_gmt":"2025-11-09T05:22:05","guid":{"rendered":"https:\/\/csmdistribuicao.pt\/homepage\/"},"modified":"2025-11-27T10:35:55","modified_gmt":"2025-11-27T10:35:55","slug":"homepage","status":"publish","type":"page","link":"https:\/\/csmdistribuicao.pt\/en\/","title":{"rendered":"Homepage"},"content":{"rendered":"\t\t<div data-elementor-type=\"wp-page\" data-elementor-id=\"1377\" class=\"elementor elementor-1377 elementor-16\" data-elementor-post-type=\"page\">\n\t\t\t\t<div class=\"elementor-element elementor-element-ce10533 e-con-full e-flex e-con e-parent\" data-id=\"ce10533\" data-element_type=\"container\">\n\t\t\t\t<div class=\"elementor-element elementor-element-6080f01 elementor-arrows-position-inside elementor-widget elementor-widget-n-carousel\" data-id=\"6080f01\" data-element_type=\"widget\" data-settings=\"{&quot;carousel_items&quot;:[{&quot;slide_title&quot;:&quot;Slide #1&quot;,&quot;_id&quot;:&quot;7c89cf9&quot;},{&quot;slide_title&quot;:&quot;Slide #2&quot;,&quot;_id&quot;:&quot;776ee93&quot;},{&quot;slide_title&quot;:&quot;Slide #2&quot;,&quot;_id&quot;:&quot;e6e7eb5&quot;}],&quot;slides_to_show&quot;:&quot;1&quot;,&quot;slides_to_show_tablet&quot;:&quot;1&quot;,&quot;slides_to_show_mobile&quot;:&quot;1&quot;,&quot;autoplay&quot;:&quot;yes&quot;,&quot;autoplay_speed&quot;:5000,&quot;pause_on_hover&quot;:&quot;yes&quot;,&quot;pause_on_interaction&quot;:&quot;yes&quot;,&quot;infinite&quot;:&quot;yes&quot;,&quot;speed&quot;:500,&quot;offset_sides&quot;:&quot;none&quot;,&quot;arrows&quot;:&quot;yes&quot;,&quot;image_spacing_custom&quot;:{&quot;unit&quot;:&quot;px&quot;,&quot;size&quot;:10,&quot;sizes&quot;:[]},&quot;image_spacing_custom_widescreen&quot;:{&quot;unit&quot;:&quot;px&quot;,&quot;size&quot;:&quot;&quot;,&quot;sizes&quot;:[]},&quot;image_spacing_custom_laptop&quot;:{&quot;unit&quot;:&quot;px&quot;,&quot;size&quot;:&quot;&quot;,&quot;sizes&quot;:[]},&quot;image_spacing_custom_tablet_extra&quot;:{&quot;unit&quot;:&quot;px&quot;,&quot;size&quot;:&quot;&quot;,&quot;sizes&quot;:[]},&quot;image_spacing_custom_tablet&quot;:{&quot;unit&quot;:&quot;px&quot;,&quot;size&quot;:&quot;&quot;,&quot;sizes&quot;:[]},&quot;image_spacing_custom_mobile_extra&quot;:{&quot;unit&quot;:&quot;px&quot;,&quot;size&quot;:&quot;&quot;,&quot;sizes&quot;:[]},&quot;image_spacing_custom_mobile&quot;:{&quot;unit&quot;:&quot;px&quot;,&quot;size&quot;:&quot;&quot;,&quot;sizes&quot;:[]}}\" data-widget_type=\"nested-carousel.default\">\n\t\t\t\t\t\t\t<div class=\"e-n-carousel swiper\" role=\"region\" aria-roledescription=\"carousel\" aria-label=\"Carousel\" dir=\"ltr\">\n\t\t\t<div class=\"swiper-wrapper\" aria-live=\"off\">\n\t\t\t\t\t\t\t\t\t\t<div class=\"swiper-slide\" data-slide=\"1\" role=\"group\" aria-roledescription=\"slide\" aria-label=\"1 of 3\">\n\t\t\t\t\t\t\t<div class=\"elementor-element elementor-element-edd7188 e-flex e-con-boxed e-con e-child\" data-id=\"edd7188\" data-element_type=\"container\" data-settings=\"{&quot;background_background&quot;:&quot;classic&quot;}\">\n\t\t\t\t\t<div class=\"e-con-inner\">\n\t\t\t\t<div class=\"elementor-element elementor-element-4397c5c elementor-widget__width-initial elementor-widget elementor-widget-heading\" data-id=\"4397c5c\" data-element_type=\"widget\" data-widget_type=\"heading.default\">\n\t\t\t\t\t<h2 class=\"elementor-heading-title elementor-size-default\">Carlos Soares de Mendon\u00e7a &amp; CA<\/h2>\t\t\t\t<\/div>\n\t\t\t\t<div class=\"elementor-element elementor-element-c7cbab8 elementor-widget__width-initial elementor-widget elementor-widget-text-editor\" data-id=\"c7cbab8\" data-element_type=\"widget\" data-widget_type=\"text-editor.default\">\n\t\t\t\t\t\t\t\t\t<p>CSM began its operations on January 1, 1982, gradually establishing a strong presence in the Azorean market over the decades.<\/p>\t\t\t\t\t\t\t\t<\/div>\n\t\t\t\t\t<\/div>\n\t\t\t\t<\/div>\n\t\t\t\t\t\t\t\t<\/div>\n\t\t\t\t\t\t\t\t\t\t\t<div class=\"swiper-slide\" data-slide=\"2\" role=\"group\" aria-roledescription=\"slide\" aria-label=\"2 of 3\">\n\t\t\t\t\t\t\t<div class=\"elementor-element elementor-element-bf6d331 e-flex e-con-boxed e-con e-child\" data-id=\"bf6d331\" data-element_type=\"container\" data-settings=\"{&quot;background_background&quot;:&quot;classic&quot;}\">\n\t\t\t\t\t<div class=\"e-con-inner\">\n\t\t\t\t<div class=\"elementor-element elementor-element-1957c9c elementor-widget__width-initial elementor-widget elementor-widget-heading\" data-id=\"1957c9c\" data-element_type=\"widget\" data-widget_type=\"heading.default\">\n\t\t\t\t\t<h2 class=\"elementor-heading-title elementor-size-default\">Carlos Soares de Mendon\u00e7a &amp; CA<\/h2>\t\t\t\t<\/div>\n\t\t\t\t<div class=\"elementor-element elementor-element-521925e elementor-widget__width-initial elementor-widget elementor-widget-text-editor\" data-id=\"521925e\" data-element_type=\"widget\" data-widget_type=\"text-editor.default\">\n\t\t\t\t\t\t\t\t\t<p>A CSM iniciou a sua atividade a 1 de janeiro de 1982, consolidando ao longo das d\u00e9cadas uma presen\u00e7a s\u00f3lida no mercado a\u00e7oriano.<\/p>\t\t\t\t\t\t\t\t<\/div>\n\t\t\t\t\t<\/div>\n\t\t\t\t<\/div>\n\t\t\t\t\t\t\t\t<\/div>\n\t\t\t\t\t\t\t\t\t\t\t<div class=\"swiper-slide\" data-slide=\"3\" role=\"group\" aria-roledescription=\"slide\" aria-label=\"3 of 3\">\n\t\t\t\t\t\t\t<div class=\"elementor-element elementor-element-9fbe159 e-flex e-con-boxed e-con e-child\" data-id=\"9fbe159\" data-element_type=\"container\" data-settings=\"{&quot;background_background&quot;:&quot;classic&quot;}\">\n\t\t\t\t\t<div class=\"e-con-inner\">\n\t\t\t\t<div class=\"elementor-element elementor-element-7d373ca elementor-widget__width-initial elementor-widget elementor-widget-heading\" data-id=\"7d373ca\" data-element_type=\"widget\" data-widget_type=\"heading.default\">\n\t\t\t\t\t<h2 class=\"elementor-heading-title elementor-size-default\">Carlos Soares de Mendon\u00e7a &amp; CA<\/h2>\t\t\t\t<\/div>\n\t\t\t\t<div class=\"elementor-element elementor-element-3ea50fb elementor-widget__width-initial elementor-widget elementor-widget-text-editor\" data-id=\"3ea50fb\" data-element_type=\"widget\" data-widget_type=\"text-editor.default\">\n\t\t\t\t\t\t\t\t\t<p>A CSM iniciou a sua atividade a 1 de janeiro de 1982, consolidando ao longo das d\u00e9cadas uma presen\u00e7a s\u00f3lida no mercado a\u00e7oriano.<\/p>\t\t\t\t\t\t\t\t<\/div>\n\t\t\t\t\t<\/div>\n\t\t\t\t<\/div>\n\t\t\t\t\t\t\t\t<\/div>\n\t\t\t\t\t\t\t\t<\/div>\n\t\t<\/div>\n\t\t\t\t\t<div class=\"elementor-swiper-button elementor-swiper-button-prev\" role=\"button\" tabindex=\"0\" aria-label=\"Previous\">\n\t\t\t\t<svg xmlns=\"http:\/\/www.w3.org\/2000\/svg\" width=\"59\" height=\"59\" viewBox=\"0 0 59 59\" fill=\"none\"><g clip-path=\"url(#clip0_2061_194)\"><path d=\"M29.5 1.80612C14.2322 1.80612 1.80612 14.2322 1.80612 29.5C1.80612 44.7678 14.2322 57.1939 29.5 57.1939C44.7678 57.1939 57.1939 44.7678 57.1939 29.5C57.1939 14.2322 44.7678 1.80612 29.5 1.80612ZM29.5 0C45.7912 0 59 13.2088 59 29.5C59 45.7912 45.7912 59 29.5 59C13.2088 59 -1.07288e-06 45.7912 -1.07288e-06 29.5C-1.07288e-06 13.2088 13.2088 0 29.5 0Z\" fill=\"#7F7F7F\"><\/path><path d=\"M34.5993 22.0106C35.1652 21.6193 35.5144 21.1497 35.5144 20.3249C35.5144 19.8132 35.1893 19.3436 34.7378 19.3436C34.4668 19.3436 34.226 19.464 33.9069 19.6988L22.113 28.1273C21.4929 28.5608 21.3845 29.0665 21.3845 29.5C21.3845 29.9335 21.4929 30.4392 22.113 30.8726L33.9069 39.3072C34.232 39.542 34.4729 39.6624 34.7378 39.6624C35.1953 39.6624 35.5144 39.1929 35.5144 38.4463C35.5144 37.7781 35.2736 37.465 34.6836 37.0315L24.0997 29.5L34.6053 22.0106H34.5993Z\" fill=\"#7F7F7F\"><\/path><\/g><defs><clipPath id=\"clip0_2061_194\"><rect width=\"59\" height=\"59\" fill=\"white\" transform=\"matrix(-1 0 0 1 59 0)\"><\/rect><\/clipPath><\/defs><\/svg>\t\t\t<\/div>\n\t\t\t<div class=\"elementor-swiper-button elementor-swiper-button-next\" role=\"button\" tabindex=\"0\" aria-label=\"Next\">\n\t\t\t\t<svg xmlns=\"http:\/\/www.w3.org\/2000\/svg\" width=\"59\" height=\"59\" viewBox=\"0 0 59 59\" fill=\"none\"><g clip-path=\"url(#clip0_2061_195)\"><path d=\"M29.5 1.80612C44.7678 1.80612 57.1939 14.2322 57.1939 29.5C57.1939 44.7678 44.7678 57.1939 29.5 57.1939C14.2322 57.1939 1.80612 44.7678 1.80612 29.5C1.80612 14.2322 14.2322 1.80612 29.5 1.80612ZM29.5 0C13.2088 0 0 13.2088 0 29.5C0 45.7912 13.2088 59 29.5 59C45.7912 59 59 45.7912 59 29.5C59 13.2088 45.7912 0 29.5 0Z\" fill=\"#7F7F7F\"><\/path><path d=\"M24.4007 22.0106C23.8348 21.6193 23.4856 21.1497 23.4856 20.3249C23.4856 19.8132 23.8107 19.3436 24.2622 19.3436C24.5331 19.3436 24.774 19.464 25.093 19.6988L36.887 28.1273C37.5071 28.5608 37.6155 29.0665 37.6155 29.5C37.6155 29.9335 37.5071 30.4392 36.887 30.8726L25.093 39.3072C24.7679 39.542 24.5271 39.6624 24.2622 39.6624C23.8047 39.6624 23.4856 39.1929 23.4856 38.4463C23.4856 37.7781 23.7264 37.465 24.3164 37.0315L34.9003 29.5L24.3947 22.0106H24.4007Z\" fill=\"#7F7F7F\"><\/path><\/g><defs><clipPath id=\"clip0_2061_195\"><rect width=\"59\" height=\"59\" fill=\"white\"><\/rect><\/clipPath><\/defs><\/svg>\t\t\t<\/div>\n\t\t\t\t\t\t<\/div>\n\t\t\t\t<\/div>\n\t\t<div class=\"elementor-element elementor-element-410eed9 e-flex e-con-boxed e-con e-parent\" data-id=\"410eed9\" data-element_type=\"container\" data-settings=\"{&quot;background_background&quot;:&quot;classic&quot;}\">\n\t\t\t\t\t<div class=\"e-con-inner\">\n\t\t\t\t<div class=\"elementor-element elementor-element-84a1a04 elementor-widget__width-initial elementor-widget elementor-widget-heading\" data-id=\"84a1a04\" data-element_type=\"widget\" data-widget_type=\"heading.default\">\n\t\t\t\t\t<h2 class=\"elementor-heading-title elementor-size-default\">About Us<\/h2>\t\t\t\t<\/div>\n\t\t\t\t<div class=\"elementor-element elementor-element-e5b01a9 elementor-widget__width-initial elementor-widget elementor-widget-text-editor\" data-id=\"e5b01a9\" data-element_type=\"widget\" data-widget_type=\"text-editor.default\">\n\t\t\t\t\t\t\t\t\t<p>Carlos Soares de Mendon\u00e7a &amp; C.\u00aa, Unipessoal, Lda. (CSM) is a limited liability company headquartered at Rua Jos\u00e9 Bensa\u00fade, No. 42, in Ponta Delgada.<\/p><p>Its main activity is wholesale tobacco sales, currently employing around two and a half dozen staff members.<\/p>\t\t\t\t\t\t\t\t<\/div>\n\t\t\t\t<div class=\"elementor-element elementor-element-b5de75a elementor-widget elementor-widget-button\" data-id=\"b5de75a\" data-element_type=\"widget\" data-widget_type=\"button.default\">\n\t\t\t\t\t\t\t\t\t\t<a class=\"elementor-button elementor-button-link elementor-size-sm\" href=\"https:\/\/csmdistribuicao.pt\/en\/sobre-nos\/\">\n\t\t\t\t\t\t<span class=\"elementor-button-content-wrapper\">\n\t\t\t\t\t\t\t\t\t<span class=\"elementor-button-text\">Learn more<\/span>\n\t\t\t\t\t<\/span>\n\t\t\t\t\t<\/a>\n\t\t\t\t\t\t\t\t<\/div>\n\t\t\t\t\t<\/div>\n\t\t\t\t<\/div>\n\t\t<div class=\"elementor-element elementor-element-becd98f e-con-full e-flex e-con e-parent\" data-id=\"becd98f\" data-element_type=\"container\">\n\t\t<div class=\"elementor-element elementor-element-72d62c8 e-con-full e-flex e-con e-child\" data-id=\"72d62c8\" data-element_type=\"container\">\n\t\t\t\t<div class=\"elementor-element elementor-element-7ebbb36 elementor-invisible elementor-widget elementor-widget-image\" data-id=\"7ebbb36\" data-element_type=\"widget\" data-settings=\"{&quot;_animation&quot;:&quot;slideInLeft&quot;}\" data-widget_type=\"image.default\">\n\t\t\t\t\t\t\t\t\t\t\t\t\t\t\t<img fetchpriority=\"high\" decoding=\"async\" width=\"720\" height=\"603\" src=\"https:\/\/csmdistribuicao.pt\/wp-content\/uploads\/2025\/11\/secao_distribuicao_home_1.jpg\" class=\"attachment-full size-full wp-image-1396\" alt=\"\" srcset=\"https:\/\/csmdistribuicao.pt\/wp-content\/uploads\/2025\/11\/secao_distribuicao_home_1.jpg 720w, https:\/\/csmdistribuicao.pt\/wp-content\/uploads\/2025\/11\/secao_distribuicao_home_1-300x251.jpg 300w\" sizes=\"(max-width: 720px) 100vw, 720px\" \/>\t\t\t\t\t\t\t\t\t\t\t\t\t\t\t<\/div>\n\t\t\t\t<\/div>\n\t\t<div class=\"elementor-element elementor-element-47a1129 e-con-full e-flex e-con e-child\" data-id=\"47a1129\" data-element_type=\"container\">\n\t\t\t\t<div class=\"elementor-element elementor-element-24a6d1b elementor-widget__width-initial elementor-invisible elementor-widget elementor-widget-heading\" data-id=\"24a6d1b\" data-element_type=\"widget\" data-settings=\"{&quot;_animation&quot;:&quot;slideInUp&quot;}\" data-widget_type=\"heading.default\">\n\t\t\t\t\t<h2 class=\"elementor-heading-title elementor-size-default\">Distribution<\/h2>\t\t\t\t<\/div>\n\t\t\t\t<div class=\"elementor-element elementor-element-55386fe elementor-widget__width-initial elementor-invisible elementor-widget elementor-widget-text-editor\" data-id=\"55386fe\" data-element_type=\"widget\" data-settings=\"{&quot;_animation&quot;:&quot;slideInUp&quot;}\" data-widget_type=\"text-editor.default\">\n\t\t\t\t\t\t\t\t\t<p>Currently, the company operates on the islands of S\u00e3o Miguel, Terceira, Faial, and Pico \u2014 the four most populous in the Azores \u2014 thus reaching around 90% of the archipelago\u2019s population.<\/p>\t\t\t\t\t\t\t\t<\/div>\n\t\t\t\t<div class=\"elementor-element elementor-element-0067b15 elementor-invisible elementor-widget elementor-widget-button\" data-id=\"0067b15\" data-element_type=\"widget\" data-settings=\"{&quot;_animation&quot;:&quot;slideInUp&quot;}\" data-widget_type=\"button.default\">\n\t\t\t\t\t\t\t\t\t\t<a class=\"elementor-button elementor-button-link elementor-size-sm\" href=\"https:\/\/csmdistribuicao.pt\/en\/distribuicao\/\">\n\t\t\t\t\t\t<span class=\"elementor-button-content-wrapper\">\n\t\t\t\t\t\t\t\t\t<span class=\"elementor-button-text\">More information<\/span>\n\t\t\t\t\t<\/span>\n\t\t\t\t\t<\/a>\n\t\t\t\t\t\t\t\t<\/div>\n\t\t\t\t<\/div>\n\t\t\t\t<\/div>\n\t\t<div class=\"elementor-element elementor-element-1560263 e-con-full e-flex e-con e-parent\" data-id=\"1560263\" data-element_type=\"container\">\n\t\t<div class=\"elementor-element elementor-element-6f854e4 e-con-full e-flex e-con e-child\" data-id=\"6f854e4\" data-element_type=\"container\">\n\t\t\t\t<div class=\"elementor-element elementor-element-6c1b847 elementor-widget__width-initial elementor-invisible elementor-widget elementor-widget-text-editor\" data-id=\"6c1b847\" data-element_type=\"widget\" data-settings=\"{&quot;_animation&quot;:&quot;slideInUp&quot;}\" data-widget_type=\"text-editor.default\">\n\t\t\t\t\t\t\t\t\t<p>CSM has significantly expanded its operations in recent years:<\/p><ul><li>On June 29, 2021, it acquired the tobacco distribution business previously operated by a wholesaler on the island of Faial.<\/li><li>On June 1, 2022, it incorporated two new tobacco distribution business units on the islands of Terceira and Pico.<\/li><\/ul>\t\t\t\t\t\t\t\t<\/div>\n\t\t\t\t<\/div>\n\t\t<div class=\"elementor-element elementor-element-fe15409 e-con-full e-flex e-con e-child\" data-id=\"fe15409\" data-element_type=\"container\">\n\t\t\t\t<div class=\"elementor-element elementor-element-b716d8b elementor-invisible elementor-widget elementor-widget-image\" data-id=\"b716d8b\" data-element_type=\"widget\" data-settings=\"{&quot;_animation&quot;:&quot;slideInRight&quot;}\" data-widget_type=\"image.default\">\n\t\t\t\t\t\t\t\t\t\t\t\t\t\t\t<img decoding=\"async\" width=\"720\" height=\"603\" src=\"https:\/\/csmdistribuicao.pt\/wp-content\/uploads\/2025\/11\/secao_distribuicao_home_2.jpg\" class=\"attachment-full size-full wp-image-1397\" alt=\"\" srcset=\"https:\/\/csmdistribuicao.pt\/wp-content\/uploads\/2025\/11\/secao_distribuicao_home_2.jpg 720w, https:\/\/csmdistribuicao.pt\/wp-content\/uploads\/2025\/11\/secao_distribuicao_home_2-300x251.jpg 300w\" sizes=\"(max-width: 720px) 100vw, 720px\" \/>\t\t\t\t\t\t\t\t\t\t\t\t\t\t\t<\/div>\n\t\t\t\t<\/div>\n\t\t\t\t<\/div>\n\t\t\t\t<\/div>\n\t\t","protected":false},"excerpt":{"rendered":"<p>Carlos Soares de Mendon\u00e7a &amp; CA CSM began its operations on January 1, 1982, gradually establishing a strong presence in the Azorean market over the decades. Carlos Soares de Mendon\u00e7a &amp; CA A CSM iniciou a sua atividade a 1 de janeiro de 1982, consolidando ao longo das d\u00e9cadas uma presen\u00e7a s\u00f3lida no mercado a\u00e7oriano. [&hellip;]<\/p>\n","protected":false},"author":1,"featured_media":0,"parent":0,"menu_order":0,"comment_status":"closed","ping_status":"closed","template":"","meta":{"footnotes":""},"class_list":["post-1377","page","type-page","status-publish","hentry"],"yoast_head":"<!-- This site is optimized with the Yoast SEO plugin v26.5 - https:\/\/yoast.com\/wordpress\/plugins\/seo\/ -->\n<title>Homepage - Carlos Soares de Mendon\u00e7a &amp; CA<\/title>\n<meta name=\"description\" content=\"Professional tobacco distribution solutions, ensuring speed, safety, and service focused on excellence.\" \/>\n<meta name=\"robots\" content=\"index, follow, max-snippet:-1, max-image-preview:large, max-video-preview:-1\" \/>\n<link rel=\"canonical\" href=\"https:\/\/csmdistribuicao.pt\/en\/\" \/>\n<meta property=\"og:locale\" content=\"en_US\" \/>\n<meta property=\"og:type\" content=\"article\" \/>\n<meta property=\"og:title\" content=\"Homepage - Carlos Soares de Mendon\u00e7a &amp; CA\" \/>\n<meta property=\"og:description\" content=\"Professional tobacco distribution solutions, ensuring speed, safety, and service focused on excellence.\" \/>\n<meta property=\"og:url\" content=\"https:\/\/csmdistribuicao.pt\/en\/\" \/>\n<meta property=\"og:site_name\" content=\"Carlos Soares de Mendon\u00e7a &amp; CA\" \/>\n<meta property=\"article:modified_time\" content=\"2025-11-27T10:35:55+00:00\" \/>\n<meta property=\"og:image\" content=\"https:\/\/csmdistribuicao.pt\/wp-content\/uploads\/2025\/11\/secao_distribuicao_home_1.jpg\" \/>\n\t<meta property=\"og:image:width\" content=\"720\" \/>\n\t<meta property=\"og:image:height\" content=\"603\" \/>\n\t<meta property=\"og:image:type\" content=\"image\/jpeg\" \/>\n<meta name=\"twitter:card\" content=\"summary_large_image\" \/>\n<script type=\"application\/ld+json\" class=\"yoast-schema-graph\">{\"@context\":\"https:\/\/schema.org\",\"@graph\":[{\"@type\":\"WebPage\",\"@id\":\"https:\/\/csmdistribuicao.pt\/en\/\",\"url\":\"https:\/\/csmdistribuicao.pt\/en\/\",\"name\":\"Homepage - Carlos Soares de Mendon\u00e7a &amp; CA\",\"isPartOf\":{\"@id\":\"https:\/\/csmdistribuicao.pt\/#website\"},\"primaryImageOfPage\":{\"@id\":\"https:\/\/csmdistribuicao.pt\/en\/#primaryimage\"},\"image\":{\"@id\":\"https:\/\/csmdistribuicao.pt\/en\/#primaryimage\"},\"thumbnailUrl\":\"https:\/\/csmdistribuicao.pt\/wp-content\/uploads\/2025\/11\/secao_distribuicao_home_1.jpg\",\"datePublished\":\"2025-11-09T05:22:05+00:00\",\"dateModified\":\"2025-11-27T10:35:55+00:00\",\"description\":\"Professional tobacco distribution solutions, ensuring speed, safety, and service focused on excellence.\",\"breadcrumb\":{\"@id\":\"https:\/\/csmdistribuicao.pt\/en\/#breadcrumb\"},\"inLanguage\":\"en-US\",\"potentialAction\":[{\"@type\":\"ReadAction\",\"target\":[\"https:\/\/csmdistribuicao.pt\/en\/\"]}]},{\"@type\":\"ImageObject\",\"inLanguage\":\"en-US\",\"@id\":\"https:\/\/csmdistribuicao.pt\/en\/#primaryimage\",\"url\":\"https:\/\/csmdistribuicao.pt\/wp-content\/uploads\/2025\/11\/secao_distribuicao_home_1.jpg\",\"contentUrl\":\"https:\/\/csmdistribuicao.pt\/wp-content\/uploads\/2025\/11\/secao_distribuicao_home_1.jpg\"},{\"@type\":\"BreadcrumbList\",\"@id\":\"https:\/\/csmdistribuicao.pt\/en\/#breadcrumb\",\"itemListElement\":[{\"@type\":\"ListItem\",\"position\":1,\"name\":\"In\u00edcio\",\"item\":\"https:\/\/csmdistribuicao.pt\/en\/\"},{\"@type\":\"ListItem\",\"position\":2,\"name\":\"Homepage\"}]},{\"@type\":\"WebSite\",\"@id\":\"https:\/\/csmdistribuicao.pt\/#website\",\"url\":\"https:\/\/csmdistribuicao.pt\/\",\"name\":\"Carlos Soares de Mendon\u00e7a & CA\",\"description\":\"\",\"publisher\":{\"@id\":\"https:\/\/csmdistribuicao.pt\/#organization\"},\"potentialAction\":[{\"@type\":\"SearchAction\",\"target\":{\"@type\":\"EntryPoint\",\"urlTemplate\":\"https:\/\/csmdistribuicao.pt\/?s={search_term_string}\"},\"query-input\":{\"@type\":\"PropertyValueSpecification\",\"valueRequired\":true,\"valueName\":\"search_term_string\"}}],\"inLanguage\":\"en-US\"},{\"@type\":\"Organization\",\"@id\":\"https:\/\/csmdistribuicao.pt\/#organization\",\"name\":\"Carlos Soares de Mendon\u00e7a & CA\",\"url\":\"https:\/\/csmdistribuicao.pt\/\",\"logo\":{\"@type\":\"ImageObject\",\"inLanguage\":\"en-US\",\"@id\":\"https:\/\/csmdistribuicao.pt\/#\/schema\/logo\/image\/\",\"url\":\"https:\/\/csmdistribuicao.pt\/wp-content\/uploads\/2025\/11\/logotipo_header.svg\",\"contentUrl\":\"https:\/\/csmdistribuicao.pt\/wp-content\/uploads\/2025\/11\/logotipo_header.svg\",\"width\":161,\"height\":80,\"caption\":\"Carlos Soares de Mendon\u00e7a & CA\"},\"image\":{\"@id\":\"https:\/\/csmdistribuicao.pt\/#\/schema\/logo\/image\/\"}}]}<\/script>\n<!-- \/ Yoast SEO plugin. -->","yoast_head_json":{"title":"Homepage - Carlos Soares de Mendon\u00e7a &amp; CA","description":"Professional tobacco distribution solutions, ensuring speed, safety, and service focused on excellence.","robots":{"index":"index","follow":"follow","max-snippet":"max-snippet:-1","max-image-preview":"max-image-preview:large","max-video-preview":"max-video-preview:-1"},"canonical":"https:\/\/csmdistribuicao.pt\/en\/","og_locale":"en_US","og_type":"article","og_title":"Homepage - Carlos Soares de Mendon\u00e7a &amp; CA","og_description":"Professional tobacco distribution solutions, ensuring speed, safety, and service focused on excellence.","og_url":"https:\/\/csmdistribuicao.pt\/en\/","og_site_name":"Carlos Soares de Mendon\u00e7a &amp; CA","article_modified_time":"2025-11-27T10:35:55+00:00","og_image":[{"width":720,"height":603,"url":"https:\/\/csmdistribuicao.pt\/wp-content\/uploads\/2025\/11\/secao_distribuicao_home_1.jpg","type":"image\/jpeg"}],"twitter_card":"summary_large_image","schema":{"@context":"https:\/\/schema.org","@graph":[{"@type":"WebPage","@id":"https:\/\/csmdistribuicao.pt\/en\/","url":"https:\/\/csmdistribuicao.pt\/en\/","name":"Homepage - Carlos Soares de Mendon\u00e7a &amp; CA","isPartOf":{"@id":"https:\/\/csmdistribuicao.pt\/#website"},"primaryImageOfPage":{"@id":"https:\/\/csmdistribuicao.pt\/en\/#primaryimage"},"image":{"@id":"https:\/\/csmdistribuicao.pt\/en\/#primaryimage"},"thumbnailUrl":"https:\/\/csmdistribuicao.pt\/wp-content\/uploads\/2025\/11\/secao_distribuicao_home_1.jpg","datePublished":"2025-11-09T05:22:05+00:00","dateModified":"2025-11-27T10:35:55+00:00","description":"Professional tobacco distribution solutions, ensuring speed, safety, and service focused on excellence.","breadcrumb":{"@id":"https:\/\/csmdistribuicao.pt\/en\/#breadcrumb"},"inLanguage":"en-US","potentialAction":[{"@type":"ReadAction","target":["https:\/\/csmdistribuicao.pt\/en\/"]}]},{"@type":"ImageObject","inLanguage":"en-US","@id":"https:\/\/csmdistribuicao.pt\/en\/#primaryimage","url":"https:\/\/csmdistribuicao.pt\/wp-content\/uploads\/2025\/11\/secao_distribuicao_home_1.jpg","contentUrl":"https:\/\/csmdistribuicao.pt\/wp-content\/uploads\/2025\/11\/secao_distribuicao_home_1.jpg"},{"@type":"BreadcrumbList","@id":"https:\/\/csmdistribuicao.pt\/en\/#breadcrumb","itemListElement":[{"@type":"ListItem","position":1,"name":"In\u00edcio","item":"https:\/\/csmdistribuicao.pt\/en\/"},{"@type":"ListItem","position":2,"name":"Homepage"}]},{"@type":"WebSite","@id":"https:\/\/csmdistribuicao.pt\/#website","url":"https:\/\/csmdistribuicao.pt\/","name":"Carlos Soares de Mendon\u00e7a & CA","description":"","publisher":{"@id":"https:\/\/csmdistribuicao.pt\/#organization"},"potentialAction":[{"@type":"SearchAction","target":{"@type":"EntryPoint","urlTemplate":"https:\/\/csmdistribuicao.pt\/?s={search_term_string}"},"query-input":{"@type":"PropertyValueSpecification","valueRequired":true,"valueName":"search_term_string"}}],"inLanguage":"en-US"},{"@type":"Organization","@id":"https:\/\/csmdistribuicao.pt\/#organization","name":"Carlos Soares de Mendon\u00e7a & CA","url":"https:\/\/csmdistribuicao.pt\/","logo":{"@type":"ImageObject","inLanguage":"en-US","@id":"https:\/\/csmdistribuicao.pt\/#\/schema\/logo\/image\/","url":"https:\/\/csmdistribuicao.pt\/wp-content\/uploads\/2025\/11\/logotipo_header.svg","contentUrl":"https:\/\/csmdistribuicao.pt\/wp-content\/uploads\/2025\/11\/logotipo_header.svg","width":161,"height":80,"caption":"Carlos Soares de Mendon\u00e7a & CA"},"image":{"@id":"https:\/\/csmdistribuicao.pt\/#\/schema\/logo\/image\/"}}]}},"_links":{"self":[{"href":"https:\/\/csmdistribuicao.pt\/en\/wp-json\/wp\/v2\/pages\/1377","targetHints":{"allow":["GET"]}}],"collection":[{"href":"https:\/\/csmdistribuicao.pt\/en\/wp-json\/wp\/v2\/pages"}],"about":[{"href":"https:\/\/csmdistribuicao.pt\/en\/wp-json\/wp\/v2\/types\/page"}],"author":[{"embeddable":true,"href":"https:\/\/csmdistribuicao.pt\/en\/wp-json\/wp\/v2\/users\/1"}],"replies":[{"embeddable":true,"href":"https:\/\/csmdistribuicao.pt\/en\/wp-json\/wp\/v2\/comments?post=1377"}],"version-history":[{"count":11,"href":"https:\/\/csmdistribuicao.pt\/en\/wp-json\/wp\/v2\/pages\/1377\/revisions"}],"predecessor-version":[{"id":1604,"href":"https:\/\/csmdistribuicao.pt\/en\/wp-json\/wp\/v2\/pages\/1377\/revisions\/1604"}],"wp:attachment":[{"href":"https:\/\/csmdistribuicao.pt\/en\/wp-json\/wp\/v2\/media?parent=1377"}],"curies":[{"name":"wp","href":"https:\/\/api.w.org\/{rel}","templated":true}]}}