{"id":1371,"date":"2025-11-09T05:46:09","date_gmt":"2025-11-09T05:46:09","guid":{"rendered":"https:\/\/csmdistribuicao.pt\/contatos\/"},"modified":"2026-01-09T17:36:04","modified_gmt":"2026-01-09T17:36:04","slug":"contacts","status":"publish","type":"page","link":"https:\/\/csmdistribuicao.pt\/en\/contacts\/","title":{"rendered":"Contacts"},"content":{"rendered":"\t\t<div data-elementor-type=\"wp-page\" data-elementor-id=\"1371\" class=\"elementor elementor-1371 elementor-28\" data-elementor-post-type=\"page\">\n\t\t\t\t<div class=\"elementor-element elementor-element-16a14c0 e-flex e-con-boxed e-con e-parent\" data-id=\"16a14c0\" data-element_type=\"container\" data-settings=\"{&quot;background_background&quot;:&quot;classic&quot;}\">\n\t\t\t\t\t<div class=\"e-con-inner\">\n\t\t\t\t<div class=\"elementor-element elementor-element-67751e0 elementor-widget elementor-widget-heading\" data-id=\"67751e0\" data-element_type=\"widget\" data-widget_type=\"heading.default\">\n\t\t\t\t\t<h2 class=\"elementor-heading-title elementor-size-default\">Contacts<\/h2>\t\t\t\t<\/div>\n\t\t\t\t\t<\/div>\n\t\t\t\t<\/div>\n\t\t<div class=\"elementor-element elementor-element-b5e1a06 e-flex e-con-boxed e-con e-parent\" data-id=\"b5e1a06\" data-element_type=\"container\" data-settings=\"{&quot;background_background&quot;:&quot;classic&quot;}\">\n\t\t\t\t\t<div class=\"e-con-inner\">\n\t\t<div class=\"elementor-element elementor-element-79f6edc e-con-full e-flex e-con e-child\" data-id=\"79f6edc\" data-element_type=\"container\">\n\t\t\t\t<div class=\"elementor-element elementor-element-39ba1fe elementor-widget elementor-widget-n-accordion\" data-id=\"39ba1fe\" data-element_type=\"widget\" data-settings=\"{&quot;default_state&quot;:&quot;expanded&quot;,&quot;max_items_expended&quot;:&quot;one&quot;,&quot;n_accordion_animation_duration&quot;:{&quot;unit&quot;:&quot;ms&quot;,&quot;size&quot;:400,&quot;sizes&quot;:[]}}\" data-widget_type=\"nested-accordion.default\">\n\t\t\t\t\t\t\t<div class=\"e-n-accordion\" aria-label=\"Accordion. Open links with Enter or Space, close with Escape, and navigate with Arrow Keys\">\n\t\t\t\t\t\t<details id=\"e-n-accordion-item-6050\" class=\"e-n-accordion-item\" open>\n\t\t\t\t<summary class=\"e-n-accordion-item-title\" data-accordion-index=\"1\" tabindex=\"0\" aria-expanded=\"true\" aria-controls=\"e-n-accordion-item-6050\" >\n\t\t\t\t\t<span class='e-n-accordion-item-title-header'><div class=\"e-n-accordion-item-title-text\"> S\u00e3o Miguel <\/div><\/span>\n\t\t\t\t\t\t\t<span class='e-n-accordion-item-title-icon'>\n\t\t\t<span class='e-opened' ><svg aria-hidden=\"true\" class=\"e-font-icon-svg e-fas-caret-down\" viewBox=\"0 0 320 512\" xmlns=\"http:\/\/www.w3.org\/2000\/svg\"><path d=\"M31.3 192h257.3c17.8 0 26.7 21.5 14.1 34.1L174.1 354.8c-7.8 7.8-20.5 7.8-28.3 0L17.2 226.1C4.6 213.5 13.5 192 31.3 192z\"><\/path><\/svg><\/span>\n\t\t\t<span class='e-closed'><svg aria-hidden=\"true\" class=\"e-font-icon-svg e-fas-caret-right\" viewBox=\"0 0 192 512\" xmlns=\"http:\/\/www.w3.org\/2000\/svg\"><path d=\"M0 384.662V127.338c0-17.818 21.543-26.741 34.142-14.142l128.662 128.662c7.81 7.81 7.81 20.474 0 28.284L34.142 398.804C21.543 411.404 0 402.48 0 384.662z\"><\/path><\/svg><\/span>\n\t\t<\/span>\n\n\t\t\t\t\t\t<\/summary>\n\t\t\t\t<div role=\"region\" aria-labelledby=\"e-n-accordion-item-6050\" class=\"elementor-element elementor-element-c429d50 e-con-full e-flex e-con e-child\" data-id=\"c429d50\" data-element_type=\"container\" data-map-address=\"\" 9500-794=\"\">\n\t\t\t\t<div class=\"elementor-element elementor-element-60a1bb3 elementor-widget__width-initial elementor-widget elementor-widget-text-editor\" data-id=\"60a1bb3\" data-element_type=\"widget\" data-widget_type=\"text-editor.default\">\n\t\t\t\t\t\t\t\t\t<p>Rua Eng. Rolando de Sousa Lima, Arm. 3.14 Azores Park<br>9500-794 S\u00e3o Roque<\/p><p><span style=\"color: #1e1e1e;\"><a style=\"color: #1e1e1e;\" href=\"mailto:geral@csmdistribuicao.pt\">geral@csmdistribuicao.pt<\/a><\/span><\/p><p>296 091 326<\/p>\t\t\t\t\t\t\t\t<\/div>\n\t\t\t\t<\/div>\n\t\t\t\t\t<\/details>\n\t\t\t\t\t\t<details id=\"e-n-accordion-item-6051\" class=\"e-n-accordion-item\" >\n\t\t\t\t<summary class=\"e-n-accordion-item-title\" data-accordion-index=\"2\" tabindex=\"-1\" aria-expanded=\"false\" aria-controls=\"e-n-accordion-item-6051\" >\n\t\t\t\t\t<span class='e-n-accordion-item-title-header'><div class=\"e-n-accordion-item-title-text\"> Terceira <\/div><\/span>\n\t\t\t\t\t\t\t<span class='e-n-accordion-item-title-icon'>\n\t\t\t<span class='e-opened' ><svg aria-hidden=\"true\" class=\"e-font-icon-svg e-fas-caret-down\" viewBox=\"0 0 320 512\" xmlns=\"http:\/\/www.w3.org\/2000\/svg\"><path d=\"M31.3 192h257.3c17.8 0 26.7 21.5 14.1 34.1L174.1 354.8c-7.8 7.8-20.5 7.8-28.3 0L17.2 226.1C4.6 213.5 13.5 192 31.3 192z\"><\/path><\/svg><\/span>\n\t\t\t<span class='e-closed'><svg aria-hidden=\"true\" class=\"e-font-icon-svg e-fas-caret-right\" viewBox=\"0 0 192 512\" xmlns=\"http:\/\/www.w3.org\/2000\/svg\"><path d=\"M0 384.662V127.338c0-17.818 21.543-26.741 34.142-14.142l128.662 128.662c7.81 7.81 7.81 20.474 0 28.284L34.142 398.804C21.543 411.404 0 402.48 0 384.662z\"><\/path><\/svg><\/span>\n\t\t<\/span>\n\n\t\t\t\t\t\t<\/summary>\n\t\t\t\t<div role=\"region\" aria-labelledby=\"e-n-accordion-item-6051\" class=\"elementor-element elementor-element-e12d588 e-con-full e-flex e-con e-child\" data-id=\"e12d588\" data-element_type=\"container\" data-map-address=\"\" 9700-212=\"\">\n\t\t\t\t<div class=\"elementor-element elementor-element-aa5db05 elementor-widget__width-initial elementor-widget elementor-widget-text-editor\" data-id=\"aa5db05\" data-element_type=\"widget\" data-widget_type=\"text-editor.default\">\n\t\t\t\t\t\t\t\t\t<p>Largo de S\u00e3o Lu\u00eds, n\u00ba 324<br>9700-212 S\u00e3o Bento<\/p><p><a href=\"mailto:terceira@csmdistribuicao.pt\"><span style=\"color: #1e1e1e;\">terceira@csmdistribuicao.pt<\/span><\/a><\/p><p>295 216 414<\/p>\t\t\t\t\t\t\t\t<\/div>\n\t\t\t\t<\/div>\n\t\t\t\t\t<\/details>\n\t\t\t\t\t\t<details id=\"e-n-accordion-item-6052\" class=\"e-n-accordion-item\" >\n\t\t\t\t<summary class=\"e-n-accordion-item-title\" data-accordion-index=\"3\" tabindex=\"-1\" aria-expanded=\"false\" aria-controls=\"e-n-accordion-item-6052\" >\n\t\t\t\t\t<span class='e-n-accordion-item-title-header'><div class=\"e-n-accordion-item-title-text\"> Pico <\/div><\/span>\n\t\t\t\t\t\t\t<span class='e-n-accordion-item-title-icon'>\n\t\t\t<span class='e-opened' ><svg aria-hidden=\"true\" class=\"e-font-icon-svg e-fas-caret-down\" viewBox=\"0 0 320 512\" xmlns=\"http:\/\/www.w3.org\/2000\/svg\"><path d=\"M31.3 192h257.3c17.8 0 26.7 21.5 14.1 34.1L174.1 354.8c-7.8 7.8-20.5 7.8-28.3 0L17.2 226.1C4.6 213.5 13.5 192 31.3 192z\"><\/path><\/svg><\/span>\n\t\t\t<span class='e-closed'><svg aria-hidden=\"true\" class=\"e-font-icon-svg e-fas-caret-right\" viewBox=\"0 0 192 512\" xmlns=\"http:\/\/www.w3.org\/2000\/svg\"><path d=\"M0 384.662V127.338c0-17.818 21.543-26.741 34.142-14.142l128.662 128.662c7.81 7.81 7.81 20.474 0 28.284L34.142 398.804C21.543 411.404 0 402.48 0 384.662z\"><\/path><\/svg><\/span>\n\t\t<\/span>\n\n\t\t\t\t\t\t<\/summary>\n\t\t\t\t<div role=\"region\" aria-labelledby=\"e-n-accordion-item-6052\" class=\"elementor-element elementor-element-d4809f3 e-con-full e-flex e-con e-child\" data-id=\"d4809f3\" data-element_type=\"container\" data-map-address=\"\" 9940-356=\"\">\n\t\t\t\t<div class=\"elementor-element elementor-element-5d360e4 elementor-widget__width-initial elementor-widget elementor-widget-text-editor\" data-id=\"5d360e4\" data-element_type=\"widget\" data-widget_type=\"text-editor.default\">\n\t\t\t\t\t\t\t\t\t<p>Rua das Fontainhas, 21<br>9940-356 S\u00e3o Roque do Pico<\/p><p><span style=\"color: #1e1e1e;\"><a style=\"color: #1e1e1e;\" href=\"mailto:pico@csmdistribuicao.pt\">pico@csmdistribuicao.pt<\/a><\/span><\/p><p>292 644 489<\/p>\t\t\t\t\t\t\t\t<\/div>\n\t\t\t\t<\/div>\n\t\t\t\t\t<\/details>\n\t\t\t\t\t\t<details id=\"e-n-accordion-item-6053\" class=\"e-n-accordion-item\" >\n\t\t\t\t<summary class=\"e-n-accordion-item-title\" data-accordion-index=\"4\" tabindex=\"-1\" aria-expanded=\"false\" aria-controls=\"e-n-accordion-item-6053\" >\n\t\t\t\t\t<span class='e-n-accordion-item-title-header'><div class=\"e-n-accordion-item-title-text\"> Faial <\/div><\/span>\n\t\t\t\t\t\t\t<span class='e-n-accordion-item-title-icon'>\n\t\t\t<span class='e-opened' ><svg aria-hidden=\"true\" class=\"e-font-icon-svg e-fas-caret-down\" viewBox=\"0 0 320 512\" xmlns=\"http:\/\/www.w3.org\/2000\/svg\"><path d=\"M31.3 192h257.3c17.8 0 26.7 21.5 14.1 34.1L174.1 354.8c-7.8 7.8-20.5 7.8-28.3 0L17.2 226.1C4.6 213.5 13.5 192 31.3 192z\"><\/path><\/svg><\/span>\n\t\t\t<span class='e-closed'><svg aria-hidden=\"true\" class=\"e-font-icon-svg e-fas-caret-right\" viewBox=\"0 0 192 512\" xmlns=\"http:\/\/www.w3.org\/2000\/svg\"><path d=\"M0 384.662V127.338c0-17.818 21.543-26.741 34.142-14.142l128.662 128.662c7.81 7.81 7.81 20.474 0 28.284L34.142 398.804C21.543 411.404 0 402.48 0 384.662z\"><\/path><\/svg><\/span>\n\t\t<\/span>\n\n\t\t\t\t\t\t<\/summary>\n\t\t\t\t<div role=\"region\" aria-labelledby=\"e-n-accordion-item-6053\" class=\"elementor-element elementor-element-3719f57 e-con-full e-flex e-con e-child\" data-id=\"3719f57\" data-element_type=\"container\" data-map-address=\"\" 9900-371=\"\">\n\t\t\t\t<div class=\"elementor-element elementor-element-6635061 elementor-widget__width-initial elementor-widget elementor-widget-text-editor\" data-id=\"6635061\" data-element_type=\"widget\" data-widget_type=\"text-editor.default\">\n\t\t\t\t\t\t\t\t\t<p>Rua dos Quinh\u00f5es, SN<br>9900-371 Horta<\/p><p><span style=\"color: #1e1e1e;\"><a style=\"color: #1e1e1e;\" href=\"mailto:faial@csmdistribuicao.pt\">faial@csmdistribuicao.pt<\/a><\/span><\/p><p>296 943 146<\/p>\t\t\t\t\t\t\t\t<\/div>\n\t\t\t\t<\/div>\n\t\t\t\t\t<\/details>\n\t\t\t\t\t<\/div>\n\t\t\t\t\t\t<\/div>\n\t\t\t\t<\/div>\n\t\t<div class=\"elementor-element elementor-element-ec6f297 e-con-full e-flex e-con e-child\" data-id=\"ec6f297\" data-element_type=\"container\">\n\t\t\t\t<div class=\"elementor-element elementor-element-abe3d6a elementor-widget elementor-widget-html\" data-id=\"abe3d6a\" data-element_type=\"widget\" data-widget_type=\"html.default\">\n\t\t\t\t\t<div id=\"map-container\" style=\"position: relative; width: auto; height: 385px; overflow: hidden; border-radius: 30px; background: #f3f3f3;\">\r\n  <iframe id=\"map-frame\" src=\"\" width=\"765\" height=\"385\" style=\"border:0; opacity: 0; transform: scale(1.02); transition: opacity 0.6s ease, transform 0.6s ease;\" allowfullscreen=\"\" loading=\"lazy\" referrerpolicy=\"no-referrer-when-downgrade\">\r\n  <\/iframe>\r\n<\/div>\r\n\t\t\t\t<\/div>\n\t\t\t\t<\/div>\n\t\t\t\t\t<\/div>\n\t\t\t\t<\/div>\n\t\t<div class=\"elementor-element elementor-element-4d6846b e-flex e-con-boxed e-con e-parent\" data-id=\"4d6846b\" data-element_type=\"container\" data-settings=\"{&quot;background_background&quot;:&quot;classic&quot;}\">\n\t\t\t\t\t<div class=\"e-con-inner\">\n\t\t<div class=\"elementor-element elementor-element-197b89e e-con-full e-flex e-con e-child\" data-id=\"197b89e\" data-element_type=\"container\">\n\t\t\t\t<div class=\"elementor-element elementor-element-08ef185 elementor-widget__width-initial elementor-widget elementor-widget-heading\" data-id=\"08ef185\" data-element_type=\"widget\" data-widget_type=\"heading.default\">\n\t\t\t\t\t<h2 class=\"elementor-heading-title elementor-size-default\">Leave us your message<\/h2>\t\t\t\t<\/div>\n\t\t\t\t<\/div>\n\t\t<div class=\"elementor-element elementor-element-d654a1a e-con-full e-flex e-con e-child\" data-id=\"d654a1a\" data-element_type=\"container\">\n\t\t\t\t<div class=\"elementor-element elementor-element-8972459 elementor-button-align-start elementor-widget__width-initial elementor-mobile-button-align-stretch elementor-widget elementor-widget-form\" data-id=\"8972459\" data-element_type=\"widget\" data-settings=\"{&quot;step_next_label&quot;:&quot;Next&quot;,&quot;step_previous_label&quot;:&quot;Previous&quot;,&quot;step_type&quot;:&quot;number_text&quot;,&quot;step_icon_shape&quot;:&quot;circle&quot;}\" data-widget_type=\"form.default\">\n\t\t\t\t\t\t\t<form class=\"elementor-form\" method=\"post\" name=\"Contatos Ingl\u00eas\" aria-label=\"Contatos Ingl\u00eas\">\n\t\t\t<input type=\"hidden\" name=\"post_id\" value=\"1371\"\/>\n\t\t\t<input type=\"hidden\" name=\"form_id\" value=\"8972459\"\/>\n\t\t\t<input type=\"hidden\" name=\"referer_title\" value=\"Contacts - Carlos Soares de Mendon\u00e7a &amp; CA\" \/>\n\n\t\t\t\t\t\t\t<input type=\"hidden\" name=\"queried_id\" value=\"1371\"\/>\n\t\t\t\n\t\t\t<div class=\"elementor-form-fields-wrapper elementor-labels-\">\n\t\t\t\t\t\t\t\t<div class=\"elementor-field-type-text elementor-field-group elementor-column elementor-field-group-nome elementor-col-100 elementor-field-required\">\n\t\t\t\t\t\t\t\t\t\t\t\t<label for=\"form-field-nome\" class=\"elementor-field-label elementor-screen-only\">\n\t\t\t\t\t\t\t\tName\t\t\t\t\t\t\t<\/label>\n\t\t\t\t\t\t\t\t\t\t\t\t\t\t<input size=\"1\" type=\"text\" name=\"form_fields[nome]\" id=\"form-field-nome\" class=\"elementor-field elementor-size-lg  elementor-field-textual\" placeholder=\"Name\" required=\"required\">\n\t\t\t\t\t\t\t\t\t\t\t<\/div>\n\t\t\t\t\t\t\t\t<div class=\"elementor-field-type-email elementor-field-group elementor-column elementor-field-group-e_mail elementor-col-100 elementor-field-required\">\n\t\t\t\t\t\t\t\t\t\t\t\t<label for=\"form-field-e_mail\" class=\"elementor-field-label elementor-screen-only\">\n\t\t\t\t\t\t\t\tEmail\t\t\t\t\t\t\t<\/label>\n\t\t\t\t\t\t\t\t\t\t\t\t\t\t<input size=\"1\" type=\"email\" name=\"form_fields[e_mail]\" id=\"form-field-e_mail\" class=\"elementor-field elementor-size-lg  elementor-field-textual\" placeholder=\"Email\" required=\"required\">\n\t\t\t\t\t\t\t\t\t\t\t<\/div>\n\t\t\t\t\t\t\t\t<div class=\"elementor-field-type-text elementor-field-group elementor-column elementor-field-group-assunto elementor-col-100 elementor-field-required\">\n\t\t\t\t\t\t\t\t\t\t\t\t<label for=\"form-field-assunto\" class=\"elementor-field-label elementor-screen-only\">\n\t\t\t\t\t\t\t\tSubject\t\t\t\t\t\t\t<\/label>\n\t\t\t\t\t\t\t\t\t\t\t\t\t\t<input size=\"1\" type=\"text\" name=\"form_fields[assunto]\" id=\"form-field-assunto\" class=\"elementor-field elementor-size-lg  elementor-field-textual\" placeholder=\"Subject\" required=\"required\">\n\t\t\t\t\t\t\t\t\t\t\t<\/div>\n\t\t\t\t\t\t\t\t<div class=\"elementor-field-type-textarea elementor-field-group elementor-column elementor-field-group-mensagem elementor-col-100\">\n\t\t\t\t\t\t\t\t\t\t\t\t<label for=\"form-field-mensagem\" class=\"elementor-field-label elementor-screen-only\">\n\t\t\t\t\t\t\t\tMessage\t\t\t\t\t\t\t<\/label>\n\t\t\t\t\t\t<textarea class=\"elementor-field-textual elementor-field  elementor-size-lg\" name=\"form_fields[mensagem]\" id=\"form-field-mensagem\" rows=\"5\" placeholder=\"Message\"><\/textarea>\t\t\t\t<\/div>\n\t\t\t\t\t\t\t\t<div class=\"elementor-field-type-recaptcha_v3 elementor-field-group elementor-column elementor-field-group-field_ce93275 elementor-col-100 recaptcha_v3-inline\">\n\t\t\t\t\t<div class=\"elementor-field\" id=\"form-field-field_ce93275\"><div class=\"elementor-g-recaptcha\" data-sitekey=\"6Ldkg0UsAAAAAOZ4fZMlfyT_aXS13xOIBtQ8NH3K\" data-type=\"v3\" data-action=\"Form\" data-badge=\"inline\" data-size=\"invisible\"><\/div><\/div>\t\t\t\t<\/div>\n\t\t\t\t\t\t\t\t<div class=\"elementor-field-group elementor-column elementor-field-type-submit elementor-col-100 e-form__buttons\">\n\t\t\t\t\t<button class=\"elementor-button elementor-size-sm\" type=\"submit\">\n\t\t\t\t\t\t<span class=\"elementor-button-content-wrapper\">\n\t\t\t\t\t\t\t\t\t\t\t\t\t\t\t\t\t\t\t\t\t\t<span class=\"elementor-button-text\">Send message<\/span>\n\t\t\t\t\t\t\t\t\t\t\t\t\t<\/span>\n\t\t\t\t\t<\/button>\n\t\t\t\t<\/div>\n\t\t\t<\/div>\n\t\t<\/form>\n\t\t\t\t\t\t<\/div>\n\t\t\t\t<\/div>\n\t\t\t\t\t<\/div>\n\t\t\t\t<\/div>\n\t\t\t\t<\/div>\n\t\t","protected":false},"excerpt":{"rendered":"<p>Contacts S\u00e3o Miguel Rua Eng. Rolando de Sousa Lima, Arm. 3.14 Azores Park9500-794 S\u00e3o Roque geral@csmdistribuicao.pt 296 091 326 Terceira Largo de S\u00e3o Lu\u00eds, n\u00ba 3249700-212 S\u00e3o Bento terceira@csmdistribuicao.pt 295 216 414 Pico Rua das Fontainhas, 219940-356 S\u00e3o Roque do Pico pico@csmdistribuicao.pt 292 644 489 Faial Rua dos Quinh\u00f5es, SN9900-371 Horta faial@csmdistribuicao.pt 296 943 146 [&hellip;]<\/p>\n","protected":false},"author":1,"featured_media":0,"parent":0,"menu_order":0,"comment_status":"closed","ping_status":"closed","template":"","meta":{"footnotes":""},"class_list":["post-1371","page","type-page","status-publish","hentry"],"yoast_head":"<!-- This site is optimized with the Yoast SEO plugin v26.5 - https:\/\/yoast.com\/wordpress\/plugins\/seo\/ -->\n<title>Contacts - Carlos Soares de Mendon\u00e7a &amp; CA<\/title>\n<meta name=\"description\" content=\"Get in touch with us to obtain information about supply, pricing and logistics in tobacco distribution.\" \/>\n<meta name=\"robots\" content=\"index, follow, max-snippet:-1, max-image-preview:large, max-video-preview:-1\" \/>\n<link rel=\"canonical\" href=\"https:\/\/csmdistribuicao.pt\/contatos\/\" \/>\n<meta property=\"og:locale\" content=\"en_US\" \/>\n<meta property=\"og:type\" content=\"article\" \/>\n<meta property=\"og:title\" content=\"Contacts - Carlos Soares de Mendon\u00e7a &amp; CA\" \/>\n<meta property=\"og:description\" content=\"Get in touch with us to obtain information about supply, pricing and logistics in tobacco distribution.\" \/>\n<meta property=\"og:url\" content=\"https:\/\/csmdistribuicao.pt\/contatos\/\" \/>\n<meta property=\"og:site_name\" content=\"Carlos Soares de Mendon\u00e7a &amp; CA\" \/>\n<meta property=\"article:modified_time\" content=\"2026-01-09T17:36:04+00:00\" \/>\n<meta name=\"twitter:card\" content=\"summary_large_image\" \/>\n<meta name=\"twitter:label1\" content=\"Est. reading time\" \/>\n\t<meta name=\"twitter:data1\" content=\"1 minute\" \/>\n<script type=\"application\/ld+json\" class=\"yoast-schema-graph\">{\"@context\":\"https:\/\/schema.org\",\"@graph\":[{\"@type\":\"WebPage\",\"@id\":\"https:\/\/csmdistribuicao.pt\/contatos\/\",\"url\":\"https:\/\/csmdistribuicao.pt\/contatos\/\",\"name\":\"Contacts - Carlos Soares de Mendon\u00e7a &amp; CA\",\"isPartOf\":{\"@id\":\"https:\/\/csmdistribuicao.pt\/#website\"},\"datePublished\":\"2025-11-09T05:46:09+00:00\",\"dateModified\":\"2026-01-09T17:36:04+00:00\",\"description\":\"Get in touch with us to obtain information about supply, pricing and logistics in tobacco distribution.\",\"breadcrumb\":{\"@id\":\"https:\/\/csmdistribuicao.pt\/contatos\/#breadcrumb\"},\"inLanguage\":\"en-US\",\"potentialAction\":[{\"@type\":\"ReadAction\",\"target\":[\"https:\/\/csmdistribuicao.pt\/contatos\/\"]}]},{\"@type\":\"BreadcrumbList\",\"@id\":\"https:\/\/csmdistribuicao.pt\/contatos\/#breadcrumb\",\"itemListElement\":[{\"@type\":\"ListItem\",\"position\":1,\"name\":\"In\u00edcio\",\"item\":\"https:\/\/csmdistribuicao.pt\/en\/\"},{\"@type\":\"ListItem\",\"position\":2,\"name\":\"Contacts\"}]},{\"@type\":\"WebSite\",\"@id\":\"https:\/\/csmdistribuicao.pt\/#website\",\"url\":\"https:\/\/csmdistribuicao.pt\/\",\"name\":\"Carlos Soares de Mendon\u00e7a & CA\",\"description\":\"\",\"publisher\":{\"@id\":\"https:\/\/csmdistribuicao.pt\/#organization\"},\"potentialAction\":[{\"@type\":\"SearchAction\",\"target\":{\"@type\":\"EntryPoint\",\"urlTemplate\":\"https:\/\/csmdistribuicao.pt\/?s={search_term_string}\"},\"query-input\":{\"@type\":\"PropertyValueSpecification\",\"valueRequired\":true,\"valueName\":\"search_term_string\"}}],\"inLanguage\":\"en-US\"},{\"@type\":\"Organization\",\"@id\":\"https:\/\/csmdistribuicao.pt\/#organization\",\"name\":\"Carlos Soares de Mendon\u00e7a & CA\",\"url\":\"https:\/\/csmdistribuicao.pt\/\",\"logo\":{\"@type\":\"ImageObject\",\"inLanguage\":\"en-US\",\"@id\":\"https:\/\/csmdistribuicao.pt\/#\/schema\/logo\/image\/\",\"url\":\"https:\/\/csmdistribuicao.pt\/wp-content\/uploads\/2025\/11\/logotipo_header.svg\",\"contentUrl\":\"https:\/\/csmdistribuicao.pt\/wp-content\/uploads\/2025\/11\/logotipo_header.svg\",\"width\":161,\"height\":80,\"caption\":\"Carlos Soares de Mendon\u00e7a & CA\"},\"image\":{\"@id\":\"https:\/\/csmdistribuicao.pt\/#\/schema\/logo\/image\/\"}}]}<\/script>\n<!-- \/ Yoast SEO plugin. -->","yoast_head_json":{"title":"Contacts - Carlos Soares de Mendon\u00e7a &amp; CA","description":"Get in touch with us to obtain information about supply, pricing and logistics in tobacco distribution.","robots":{"index":"index","follow":"follow","max-snippet":"max-snippet:-1","max-image-preview":"max-image-preview:large","max-video-preview":"max-video-preview:-1"},"canonical":"https:\/\/csmdistribuicao.pt\/contatos\/","og_locale":"en_US","og_type":"article","og_title":"Contacts - Carlos Soares de Mendon\u00e7a &amp; CA","og_description":"Get in touch with us to obtain information about supply, pricing and logistics in tobacco distribution.","og_url":"https:\/\/csmdistribuicao.pt\/contatos\/","og_site_name":"Carlos Soares de Mendon\u00e7a &amp; CA","article_modified_time":"2026-01-09T17:36:04+00:00","twitter_card":"summary_large_image","twitter_misc":{"Est. reading time":"1 minute"},"schema":{"@context":"https:\/\/schema.org","@graph":[{"@type":"WebPage","@id":"https:\/\/csmdistribuicao.pt\/contatos\/","url":"https:\/\/csmdistribuicao.pt\/contatos\/","name":"Contacts - Carlos Soares de Mendon\u00e7a &amp; CA","isPartOf":{"@id":"https:\/\/csmdistribuicao.pt\/#website"},"datePublished":"2025-11-09T05:46:09+00:00","dateModified":"2026-01-09T17:36:04+00:00","description":"Get in touch with us to obtain information about supply, pricing and logistics in tobacco distribution.","breadcrumb":{"@id":"https:\/\/csmdistribuicao.pt\/contatos\/#breadcrumb"},"inLanguage":"en-US","potentialAction":[{"@type":"ReadAction","target":["https:\/\/csmdistribuicao.pt\/contatos\/"]}]},{"@type":"BreadcrumbList","@id":"https:\/\/csmdistribuicao.pt\/contatos\/#breadcrumb","itemListElement":[{"@type":"ListItem","position":1,"name":"In\u00edcio","item":"https:\/\/csmdistribuicao.pt\/en\/"},{"@type":"ListItem","position":2,"name":"Contacts"}]},{"@type":"WebSite","@id":"https:\/\/csmdistribuicao.pt\/#website","url":"https:\/\/csmdistribuicao.pt\/","name":"Carlos Soares de Mendon\u00e7a & CA","description":"","publisher":{"@id":"https:\/\/csmdistribuicao.pt\/#organization"},"potentialAction":[{"@type":"SearchAction","target":{"@type":"EntryPoint","urlTemplate":"https:\/\/csmdistribuicao.pt\/?s={search_term_string}"},"query-input":{"@type":"PropertyValueSpecification","valueRequired":true,"valueName":"search_term_string"}}],"inLanguage":"en-US"},{"@type":"Organization","@id":"https:\/\/csmdistribuicao.pt\/#organization","name":"Carlos Soares de Mendon\u00e7a & CA","url":"https:\/\/csmdistribuicao.pt\/","logo":{"@type":"ImageObject","inLanguage":"en-US","@id":"https:\/\/csmdistribuicao.pt\/#\/schema\/logo\/image\/","url":"https:\/\/csmdistribuicao.pt\/wp-content\/uploads\/2025\/11\/logotipo_header.svg","contentUrl":"https:\/\/csmdistribuicao.pt\/wp-content\/uploads\/2025\/11\/logotipo_header.svg","width":161,"height":80,"caption":"Carlos Soares de Mendon\u00e7a & CA"},"image":{"@id":"https:\/\/csmdistribuicao.pt\/#\/schema\/logo\/image\/"}}]}},"_links":{"self":[{"href":"https:\/\/csmdistribuicao.pt\/en\/wp-json\/wp\/v2\/pages\/1371","targetHints":{"allow":["GET"]}}],"collection":[{"href":"https:\/\/csmdistribuicao.pt\/en\/wp-json\/wp\/v2\/pages"}],"about":[{"href":"https:\/\/csmdistribuicao.pt\/en\/wp-json\/wp\/v2\/types\/page"}],"author":[{"embeddable":true,"href":"https:\/\/csmdistribuicao.pt\/en\/wp-json\/wp\/v2\/users\/1"}],"replies":[{"embeddable":true,"href":"https:\/\/csmdistribuicao.pt\/en\/wp-json\/wp\/v2\/comments?post=1371"}],"version-history":[{"count":33,"href":"https:\/\/csmdistribuicao.pt\/en\/wp-json\/wp\/v2\/pages\/1371\/revisions"}],"predecessor-version":[{"id":1760,"href":"https:\/\/csmdistribuicao.pt\/en\/wp-json\/wp\/v2\/pages\/1371\/revisions\/1760"}],"wp:attachment":[{"href":"https:\/\/csmdistribuicao.pt\/en\/wp-json\/wp\/v2\/media?parent=1371"}],"curies":[{"name":"wp","href":"https:\/\/api.w.org\/{rel}","templated":true}]}}